{"id":25,"date":"2017-12-03T15:42:11","date_gmt":"2017-12-03T15:42:11","guid":{"rendered":"https:\/\/www.drink-pearlins.com\/?page_id=25"},"modified":"2020-01-25T14:48:40","modified_gmt":"2020-01-25T14:48:40","slug":"impressum","status":"publish","type":"page","link":"https:\/\/www.drink-pearlins.com\/de\/impressum\/","title":{"rendered":"Impressum &#038; Datenschutz"},"content":{"rendered":"<p><strong>Pearlins<\/strong><\/p>\n<p>Pearlins UG (haftungsbeschr\u00e4nkt)<br \/>\nBgm.-Amon-Stra\u00dfe 9<br \/>\n85784 Garching<br \/>\nGermany<\/p>\n<p>Gesch\u00e4ftsf\u00fchrender Gesellschafter<br \/>\nDr. Daniel Lubos<br \/>\nEingetragen im Handelsregister: HRB 243618<br \/>\nAmtsgericht M\u00fcnchen<br \/>\nUSt.-Id.: DE320291202<\/p>\n<p><strong>&nbsp;<\/strong><\/p>\n<p><strong>Kontakt<\/strong><br \/>\nTelefon: +49 (0) 175 415 41 92<br \/>\nE-Mail: info@drink-pearlins.com<\/p>\n<p><strong>Verantwortlich f\u00fcr den Inhalt nach \u00a7 55 Abs. 2 RStV:<\/strong><\/p>\n<p>Dr. Daniel Lubos<br \/>\nBgm.-Amon-Stra\u00dfe 9<br \/>\n85784 Garching<br \/>\nGermany<\/p>\n<p>Tel. +49 (0) 175 415 41 92<br \/>\ndaniel.lubos@drink-pearlins.com<\/p>\n<p>Wir sind nicht bereit oder verpflichtet, an Streitbeilegungsverfahren vor einer Verbraucherschlichtungsstelle teilzunehmen.<\/p>\n<p><a name=\"privacy\"><\/a><\/p>\n<h4>Haftungsausschluss<\/h4>\n<p><strong>Haftung f\u00fcr Inhalte<\/strong><\/p>\n<p>Als Diensteanbieter sind wir gem\u00e4\u00df \u00a7 7 Abs.1 TMG f\u00fcr eigene Inhalte auf diesen Seiten nach den<br \/>\nallgemeinen Gesetzen verantwortlich. Nach \u00a7\u00a7 8 bis 10 TMG sind wir als Diensteanbieter jedoch nicht verpflichtet, \u00fcbermittelte oder gespeicherte fremde Informationen zu u\u0308berwachen oder nach Umst\u00e4nden zu forschen, die auf eine rechtswidrige T\u00e4tigkeit hinweisen. Verpflichtungen zur Entfernung oder Sperrung der Nutzung von Informationen nach den allgemeinen Gesetzen bleiben hiervon unber\u00fchrt. Eine diesbez\u00fcgliche Haftung ist jedoch erst ab dem Zeitpunkt der Kenntnis einer konkreten Rechtsverletzung m\u00f6glich. Bei Bekanntwerden von entsprechenden Rechtsverletzungen werden wir diese Inhalte umgehend entfernen.<\/p>\n<p><strong>Haftung f\u00fcr Links<\/strong><\/p>\n<p>Unser Angebot enth\u00e4lt Links zu externen Webseiten Dritter, auf deren Inhalte wir keinen Einfluss haben. Deshalb k\u00f6nnen wir f\u00fcr diese fremden Inhalte auch keine Gew\u00e4hr \u00fcbernehmen. F\u00fcr die Inhalte der verlinkten Seiten ist stets der jeweilige Anbieter oder Betreiber der Seiten verantwortlich. Die verlinkten Seiten wurden zum Zeitpunkt der Verlinkung auf m\u00f6gliche Rechtsverst\u00f6\u00dfe \u00fcberpr\u00fcft. Rechtswidrige Inhalte waren zum Zeitpunkt der Verlinkung nicht erkennbar. Eine permanente inhaltliche Kontrolle der verlinkten Seiten ist jedoch ohne konkrete Anhaltspunkte einer Rechtsverletzung nicht zumutbar. Bei Bekanntwerden von Rechtsverletzungen werden wir derartige Links umgehend entfernen.<\/p>\n<p><strong>Dienste von Drittanbietern<\/strong><\/p>\n<p>Diese Website benutzt Google Analytics, einen Webanalysedienst der Google Inc. (\u201eGoogle\u201c). Google Analytics verwendet sog. \u201eCookies\u201c, Textdateien, die auf Ihrem Computer gespeichert werden und die eine Analyse der Benutzung der Website durch Sie erm\u00f6glichen. Die durch den Cookie erzeugten Informationen \u00fcber Ihre Benutzung dieser Website werden in der Regel an einen Server von Google in den USA \u00fcbertragen und dort gespeichert. Im Falle der Aktivierung der IP-Anonymisierung auf dieser Webseite, wird Ihre IP-Adresse von Google jedoch innerhalb von Mitgliedstaaten der Europ\u00e4ischen Union oder in anderen Vertragsstaaten des Abkommens \u00fcber den Europ\u00e4ischen Wirtschaftsraum zuvor gek\u00fcrzt. Nur in Ausnahmef\u00e4llen wird die volle IP-Adresse an einen Server von Google in den USA \u00fcbertragen und dort gek\u00fcrzt. Im Auftrag des Betreibers dieser Website wird Google diese Informationen benutzen, um Ihre Nutzung der Website auszuwerten, um Reports \u00fcber die Websiteaktivit\u00e4ten zusammenzustellen und um weitere mit der Websitenutzung und der Internetnutzung verbundene Dienstleistungen gegen\u00fcber dem Websitebetreiber zu erbringen. Die im Rahmen von Google Analytics von Ihrem Browser \u00fcbermittelte IP-Adresse wird nicht mit anderen Daten von Google zusammengef\u00fchrt. Sie k\u00f6nnen die Speicherung der Cookies durch eine entsprechende Einstellung Ihrer Browser-Software verhindern; wir weisen Sie jedoch darauf hin, dass Sie in diesem Fall gegebenenfalls nicht s\u00e4mtliche Funktionen dieser Website vollumf\u00e4nglich werden nutzen k\u00f6nnen. Sie k\u00f6nnen dar\u00fcber hinaus die Erfassung der durch das Cookie erzeugten und auf Ihre Nutzung der Website bezogenen Daten (inkl. Ihrer IP-Adresse) an Google sowie die Verarbeitung dieser Daten durch Google verhindern, indem sie das unter dem folgenden Link (<a href=\"http:\/\/tools.google.com\/dlpage\/gaoptout?hl=de\">http:\/\/tools.google.com\/dlpage\/gaoptout?hl=de<\/a>) verf\u00fcgbare Browser-Plugin herunterladen und installieren.<\/p>\n<p>N\u00e4here Informationen zu Nutzungsbedingungen und Datenschutz finden Sie unter&nbsp;<a href=\"http:\/\/tools.google.com\/dlpage\/gaoptout?hl=de\">http:\/\/www.google.com\/analytics\/terms\/de.html<\/a>&nbsp;bzw. unter&nbsp;<a href=\"http:\/\/www.google.com\/intl\/de\/analytics\/privacyoverview.html\">http:\/\/www.google.com\/intl\/de\/analytics\/privacyoverview.html<\/a>. Wir weisen Sie darauf hin, dass auf dieser Webseite Google Analytics um den Code \u201egat._anonymizeIp();\u201c erweitert wurde, um eine anonymisierte Erfassung von IP-Adressen (sog. IP-Masking) zu gew\u00e4hrleisten.<\/p>\n<p><strong>Urheber- und Kennzeichenrecht<\/strong><\/p>\n<p>Die durch die Seitenbetreiber erstellten Inhalte und Werke auf diesen Seiten unterliegen dem deutschen Urheberrecht. Die Vervielf\u00e4ltigung, Bearbeitung, Verbreitung und jede Art der Verwertung au\u00dferhalb der Grenzen des Urheberrechtes bedu\u0308rfen der schriftlichen Zustimmung des jeweiligen Autors bzw. Erstellers. Downloads und Kopien dieser Seite sind nur f\u00fcr den privaten, nicht kommerziellen Gebrauch gestattet.<br \/>\nSoweit die Inhalte auf dieser Seite nicht vom Betreiber erstellt wurden, werden die Urheberrechte Dritter beachtet. Insbesondere werden Inhalte Dritter als solche gekennzeichnet. Sollten Sie trotzdem auf eine Urheberrechtsverletzung aufmerksam werden, bitten wir um einen entsprechenden Hinweis. Bei Bekanntwerden von Rechtsverletzungen werden wir derartige Inhalte umgehend entfernen.<\/p>\n<h5>Datenschutz<\/h5>\n<p><strong>Personenbezogenen Daten<\/strong><\/p>\n<p>Sofern innerhalb des Internetangebotes die M\u00f6glichkeit zur Eingabe pers\u00f6nlicher oder gesch\u00e4ftlicher Daten (z.B. E-mail-Adressen, Namen, Anschriften) besteht, so erfolgt die Preisgabe dieser Daten seitens des Nutzers auf ausdr\u00fccklich freiwilliger Basis. Die Inanspruchnahme und Bezahlung aller angebotenen Dienste ist \u2013 soweit technisch m\u00f6glich und zumutbar \u2013 auch ohne Angabe solcher Daten bzw. unter Angabe anonymisierter Daten oder eines Pseudonyms gestattet.<\/p>\n<p><strong>Verwendung von Cookies<\/strong><\/p>\n<p>Cookies, die durch Verwendung diesen Internetdienstes erstellt werden, finden ausschlie\u00dflich Verwendung zur korrekten Funktion und Darstellung der Internetseite. Diese Erkl\u00e4rung gilt nicht f\u00fcr Dienste von Drittanbietern die genutzt werden. In diesem Fall gilt die Erkl\u00e4rung des entsprechenden Dienstanbieters.<br \/>\nWenn Sie das Angebot unter www.drink-pearlins.com benutzen, erkl\u00e4ren Sie sich mit der Benutzung von Cookies einverstanden.<\/p>\n<p><strong>Rechtswirksamkeit dieses Haftungsausschlusses<\/strong><\/p>\n<p>Dieser Haftungsausschluss ist als Teil des Internetangebotes zu betrachten, von dem aus auf diese Seite verwiesen wurde. Sofern Teile oder einzelne Formulierungen dieses Textes der geltenden Rechtslage nicht, nicht mehr oder nicht vollst\u00e4ndig entsprechen sollten, bleiben die \u00fcbrigen Teile des Dokumentes in ihrem Inhalt und ihrer G\u00fcltigkeit davon unber\u00fchrt.<\/p>","protected":false},"excerpt":{"rendered":"<p>Pearlins Pearlins UG (haftungsbeschr\u00e4nkt) Bgm.-Amon-Stra\u00dfe 9 85784 Garching Germany Gesch\u00e4ftsf\u00fchrender Gesellschafter Dr. Daniel Lubos Eingetragen im Handelsregister: HRB 243618 Amtsgericht M\u00fcnchen USt.-Id.: DE320291202 &nbsp; Kontakt Telefon: +49 (0) 175 415 41 92 E-Mail: info@drink-pearlins.com Verantwortlich f\u00fcr den Inhalt nach \u00a7 55 Abs. 2 RStV: Dr&#8230;.<\/p>","protected":false},"author":1,"featured_media":0,"parent":0,"menu_order":0,"comment_status":"closed","ping_status":"closed","template":"","meta":{"jetpack_post_was_ever_published":false,"footnotes":""},"class_list":["post-25","page","type-page","status-publish","hentry"],"jetpack_sharing_enabled":true,"jetpack_shortlink":"https:\/\/wp.me\/P9rhJ5-p","_links":{"self":[{"href":"https:\/\/www.drink-pearlins.com\/de\/wp-json\/wp\/v2\/pages\/25","targetHints":{"allow":["GET"]}}],"collection":[{"href":"https:\/\/www.drink-pearlins.com\/de\/wp-json\/wp\/v2\/pages"}],"about":[{"href":"https:\/\/www.drink-pearlins.com\/de\/wp-json\/wp\/v2\/types\/page"}],"author":[{"embeddable":true,"href":"https:\/\/www.drink-pearlins.com\/de\/wp-json\/wp\/v2\/users\/1"}],"replies":[{"embeddable":true,"href":"https:\/\/www.drink-pearlins.com\/de\/wp-json\/wp\/v2\/comments?post=25"}],"version-history":[{"count":10,"href":"https:\/\/www.drink-pearlins.com\/de\/wp-json\/wp\/v2\/pages\/25\/revisions"}],"predecessor-version":[{"id":580,"href":"https:\/\/www.drink-pearlins.com\/de\/wp-json\/wp\/v2\/pages\/25\/revisions\/580"}],"wp:attachment":[{"href":"https:\/\/www.drink-pearlins.com\/de\/wp-json\/wp\/v2\/media?parent=25"}],"curies":[{"name":"wp","href":"https:\/\/api.w.org\/{rel}","templated":true}]}}