{"id":39,"date":"2017-12-03T16:22:36","date_gmt":"2017-12-03T16:22:36","guid":{"rendered":"https:\/\/www.drink-pearlins.com\/?page_id=39"},"modified":"2018-06-04T13:02:02","modified_gmt":"2018-06-04T13:02:02","slug":"the-story","status":"publish","type":"page","link":"https:\/\/www.drink-pearlins.com\/de\/the-story\/","title":{"rendered":"Die Story"},"content":{"rendered":"<div style=\"width: 400px; height: 400px; border: 0; float: left; margin: 40px; overflow: hidden;\"><img fetchpriority=\"high\" decoding=\"async\" width=\"310\" height=\"500\" class=\"alignnone size-medium wp-image-32\" src=\"https:\/\/www.drink-pearlins.com\/wp-content\/uploads\/2017\/12\/viktor_bw.png\" alt=\"\" srcset=\"https:\/\/www.drink-pearlins.com\/wp-content\/uploads\/2017\/12\/viktor_bw.png 310w, https:\/\/www.drink-pearlins.com\/wp-content\/uploads\/2017\/12\/viktor_bw-186x300.png 186w\" sizes=\"(max-width: 310px) 100vw, 310px\" \/><\/div>\n<div style=\"background-color: #ffffff; margin-bottom: 20px; padding: 10px 10px 10px 10px; line-height: 180%;\">Unser Getr\u00e4nk kommt mit seiner eigenen Geschichte. Es ist kein Produkt, das um der Produktion\nWillen entstanden ist, sondern ein St\u00fcck Kultur, das seine Wurzeln in der Zeit des Zweiten Weltkrieges\nhat. In Schlesien aufgewachsen, im Krieg in S\u00fcdfrankreich stationiert, stellt Viktor Lubos eine Spirituose\nunter Verwendung von Ingwer nach eigenem Rezept her. Nach dem Krieg kehrt er zu seiner Familie zur\u00fcck, siedelt allerdings aus um dem Kommunismus zu entgehen, als weite Teile des Landes Polen zugeschlagen werden und l\u00e4sst sich im Saarland nieder. Die folgenden Jahre sind gepr\u00e4gt vom Wiederaufbau nach dem Krieg, von der Gr\u00fcndung einer Familie, die Errichtung des eigenen Hauses sowie der Bestellung des Feldes im Garten. Sein Rezept vergisst er nicht. Zun\u00e4chst wird f\u00fcr den Eigenbedarf produziert. Sp\u00e4ter auch f\u00fcr Freunde, ein Geschenk, das immer eine Freude bereitet. Eine Spirituose, mit viel Liebe hergestellt und einem unverkennbaren Geschmack. Um die Jahrtausendwende steigert er die Herstellung immer weiter und es w\u00e4chst die Idee ein kleines Gesch\u00e4ft mit seinem Enkel, Daniel, f\u00fcr dieses verzaubernde Getr\u00e4nk zu er\u00f6ffnen. Bis dahin dauert es aber noch eine Weile, weil der Enkel nach dem Schulabschluss nach M\u00fcnchen zieht und sich dem Studium der Physik widmet. Im Jahr 2010 beschlie\u00dfen beide ihre Idee endlich umzusetzen, nachdem der Enkel von einem l\u00e4ngeren Aufenthalt im Ausland zur\u00fcckkehrt. Der Gro\u00dfvater stirbt unerwartet w\u00e4hrend sein Enkel sich auf der Heimreise im Flugzeug befindet.<br \/>\nDaniel Lubos entscheidet sich, die Produktion der Spirituose zu \u00fcbernehmen und die gemeinsame Idee umzusetzen. Den Vertrieb organisiert er zun\u00e4chst mit seinem Vater, Norbert Lubos. Im Anschluss gr\u00fcndet er das Unternehmung Pearlins mit Unterst\u00fctzung durch seine beiden Freunde Jochen und Kamil.<\/div>","protected":false},"excerpt":{"rendered":"<p>Pearlins comes along with its own history. Pearlins is not a product which has been created to build a production but rather it is a piece of culture with its roots in the period of the Second World War and before. Viktor Lubos who had&#8230;<\/p>","protected":false},"author":1,"featured_media":0,"parent":0,"menu_order":0,"comment_status":"closed","ping_status":"closed","template":"","meta":{"jetpack_post_was_ever_published":false,"footnotes":""},"class_list":["post-39","page","type-page","status-publish","hentry"],"jetpack_sharing_enabled":true,"jetpack_shortlink":"https:\/\/wp.me\/P9rhJ5-D","_links":{"self":[{"href":"https:\/\/www.drink-pearlins.com\/de\/wp-json\/wp\/v2\/pages\/39","targetHints":{"allow":["GET"]}}],"collection":[{"href":"https:\/\/www.drink-pearlins.com\/de\/wp-json\/wp\/v2\/pages"}],"about":[{"href":"https:\/\/www.drink-pearlins.com\/de\/wp-json\/wp\/v2\/types\/page"}],"author":[{"embeddable":true,"href":"https:\/\/www.drink-pearlins.com\/de\/wp-json\/wp\/v2\/users\/1"}],"replies":[{"embeddable":true,"href":"https:\/\/www.drink-pearlins.com\/de\/wp-json\/wp\/v2\/comments?post=39"}],"version-history":[{"count":12,"href":"https:\/\/www.drink-pearlins.com\/de\/wp-json\/wp\/v2\/pages\/39\/revisions"}],"predecessor-version":[{"id":4607,"href":"https:\/\/www.drink-pearlins.com\/de\/wp-json\/wp\/v2\/pages\/39\/revisions\/4607"}],"wp:attachment":[{"href":"https:\/\/www.drink-pearlins.com\/de\/wp-json\/wp\/v2\/media?parent=39"}],"curies":[{"name":"wp","href":"https:\/\/api.w.org\/{rel}","templated":true}]}}